{"id":1262,"date":"2021-10-07T14:57:38","date_gmt":"2021-10-07T18:57:38","guid":{"rendered":"http:\/\/eatcopperbranch.com\/?page_id=1262"},"modified":"2026-03-10T03:43:16","modified_gmt":"2026-03-10T07:43:16","slug":"a-propos","status":"publish","type":"page","link":"https:\/\/eatcopperbranch.com\/fr\/a-propos\/","title":{"rendered":"\u00c0 Propos"},"content":{"rendered":"<p><div class=\"fusion-fullwidth fullwidth-box fusion-builder-row-1 fusion-flex-container floating-btn gradient-container-1 hundred-percent-fullwidth non-hundred-percent-height-scrolling\" style=\"--awb-border-radius-top-left:0px;--awb-border-radius-top-right:0px;--awb-border-radius-bottom-right:0px;--awb-border-radius-bottom-left:0px;--awb-padding-top:0px;--awb-padding-right:0px;--awb-padding-bottom:0px;--awb-padding-left:0px;--awb-flex-wrap:wrap;\" ><div class=\"fusion-builder-row fusion-row fusion-flex-align-items-flex-start fusion-flex-content-wrap\" style=\"width:104% !important;max-width:104% !important;margin-left: calc(-4% \/ 2 );margin-right: calc(-4% \/ 2 );\"><div class=\"fusion-layout-column fusion_builder_column fusion-builder-column-0 fusion_builder_column_1_1 1_1 fusion-flex-column\" style=\"--awb-bg-size:cover;--awb-width-large:100%;--awb-margin-top-large:0px;--awb-spacing-right-large:1.92%;--awb-margin-bottom-large:20px;--awb-spacing-left-large:1.92%;--awb-width-medium:100%;--awb-order-medium:0;--awb-spacing-right-medium:1.92%;--awb-spacing-left-medium:1.92%;--awb-width-small:100%;--awb-order-small:0;--awb-spacing-right-small:1.92%;--awb-spacing-left-small:1.92%;\"><div class=\"fusion-column-wrapper fusion-column-has-shadow fusion-flex-justify-content-flex-start fusion-content-layout-column\"><div class=\"fusion-image-element \" style=\"text-align:right;--awb-max-width:50px;--awb-caption-title-font-family:var(--h2_typography-font-family);--awb-caption-title-font-weight:var(--h2_typography-font-weight);--awb-caption-title-font-style:var(--h2_typography-font-style);--awb-caption-title-size:var(--h2_typography-font-size);--awb-caption-title-transform:var(--h2_typography-text-transform);--awb-caption-title-line-height:var(--h2_typography-line-height);--awb-caption-title-letter-spacing:var(--h2_typography-letter-spacing);\"><span class=\" fusion-imageframe imageframe-none imageframe-1 hover-type-none\"><a class=\"fusion-no-lightbox\" href=\"http:\/\/eatcopperbranch.com\/menu\/\" target=\"_self\" aria-label=\"menu-vegetalien-btn\"><img decoding=\"async\" width=\"76\" height=\"290\" alt=\"Notre menu v\u00e9g\u00e9talien\" src=\"http:\/\/eatcopperbranch.com\/wp-content\/uploads\/2021\/10\/menu-vegetalien-btn-1.png\" class=\"img-responsive wp-image-1599\"\/><\/a><\/span><\/div><\/div><\/div><\/div><\/div><div class=\"fusion-fullwidth fullwidth-box fusion-builder-row-2 fusion-flex-container gradient-container-2 hundred-percent-fullwidth non-hundred-percent-height-scrolling\" style=\"--awb-border-sizes-left:1px;--awb-border-color:#b2b2b2;--awb-border-radius-top-left:0px;--awb-border-radius-top-right:0px;--awb-border-radius-bottom-right:0px;--awb-border-radius-bottom-left:0px;--awb-padding-right:0px;--awb-padding-left:0px;--awb-padding-right-medium:0px;--awb-padding-left-medium:0px;--awb-padding-right-small:0px;--awb-padding-left-small:0px;--awb-background-color:#ffffff;--awb-flex-wrap:wrap;\" ><div class=\"fusion-builder-row fusion-row fusion-flex-align-items-flex-start fusion-flex-content-wrap\" style=\"width:104% !important;max-width:104% !important;margin-left: calc(-4% \/ 2 );margin-right: calc(-4% \/ 2 );\"><div class=\"fusion-layout-column fusion_builder_column fusion-builder-column-1 fusion_builder_column_1_1 1_1 fusion-flex-column\" style=\"--awb-padding-right-medium:0px;--awb-padding-left-medium:0px;--awb-bg-color:#ffffff;--awb-bg-color-hover:#ffffff;--awb-bg-size:cover;--awb-width-large:100%;--awb-margin-top-large:0px;--awb-spacing-right-large:1.92%;--awb-margin-bottom-large:0px;--awb-spacing-left-large:1.92%;--awb-width-medium:100%;--awb-order-medium:0;--awb-spacing-right-medium:1.92%;--awb-spacing-left-medium:1.92%;--awb-width-small:100%;--awb-order-small:0;--awb-spacing-right-small:1.92%;--awb-spacing-left-small:1.92%;\"><div class=\"fusion-column-wrapper fusion-column-has-shadow fusion-flex-justify-content-flex-start fusion-content-layout-column\">\n<div class=\"fusion-slider-revolution rev_slider_wrapper\">\t\t\t<!-- START about us REVOLUTION SLIDER 6.6.20 --><p class=\"rs-p-wp-fix\"><\/p>\n\t\t\t<rs-module-wrap id=\"rev_slider_3_1_wrapper\" data-source=\"gallery\" style=\"visibility:hidden;background:transparent;padding:0;margin:0px auto;margin-top:0;margin-bottom:0;\">\n\t\t\t\t<rs-module id=\"rev_slider_3_1\" style=\"\" data-version=\"6.6.20\">\n\t\t\t\t\t<rs-slides style=\"overflow: hidden; position: absolute;\">\n\t\t\t\t\t\t<rs-slide style=\"position: absolute;\" data-key=\"rs-3\" data-title=\"Slide\" data-anim=\"adpr:false;\" data-in=\"o:0;\" data-out=\"a:false;\">\n\t\t\t\t\t\t\t<img decoding=\"async\" src=\"\/\/eatcopperbranch.com\/wp-content\/plugins\/revslider\/public\/assets\/assets\/dummy.png\" alt=\"Penser, manger, agir\" title=\"penser-manger-agir\" width=\"1789\" height=\"1939\" class=\"rev-slidebg tp-rs-img rs-lazyload\" data-lazyload=\"\/\/eatcopperbranch.com\/wp-content\/uploads\/2021\/10\/penser-manger-agir.jpg\" data-bg=\"p:center top;\" data-no-retina>\n<!---->\t\t\t\t\t\t<\/rs-slide>\n\t\t\t\t\t<\/rs-slides>\n\t\t\t\t<\/rs-module>\n\t\t\t\t<script>\n\t\t\t\t\tsetREVStartSize({c: 'rev_slider_3_1',rl:[1240,1024,778,480],el:[1939],gw:[1920],gh:[1939],type:'standard',justify:'',layout:'fullwidth',mh:\"0\"});if (window.RS_MODULES!==undefined && window.RS_MODULES.modules!==undefined && window.RS_MODULES.modules[\"revslider31\"]!==undefined) {window.RS_MODULES.modules[\"revslider31\"].once = false;window.revapi3 = undefined;if (window.RS_MODULES.checkMinimal!==undefined) window.RS_MODULES.checkMinimal()}\n\t\t\t\t<\/script>\n\t\t\t<\/rs-module-wrap>\n\t\t\t<!-- END REVOLUTION SLIDER -->\n<\/div><\/div><\/div><\/div><\/div><div class=\"fusion-fullwidth fullwidth-box fusion-builder-row-3 fusion-flex-container gradient-container-3 hundred-percent-fullwidth non-hundred-percent-height-scrolling\" style=\"--awb-border-sizes-left:1px;--awb-border-color:#b2b2b2;--awb-border-radius-top-left:0px;--awb-border-radius-top-right:0px;--awb-border-radius-bottom-right:0px;--awb-border-radius-bottom-left:0px;--awb-padding-right:0px;--awb-padding-left:0px;--awb-padding-right-medium:0px;--awb-padding-left-medium:0px;--awb-padding-right-small:0px;--awb-padding-left-small:0px;--awb-background-color:#000000;--awb-flex-wrap:wrap;\" ><div class=\"fusion-builder-row fusion-row fusion-flex-align-items-flex-start fusion-flex-content-wrap\" style=\"width:104% !important;max-width:104% !important;margin-left: calc(-4% \/ 2 );margin-right: calc(-4% \/ 2 );\"><div class=\"fusion-layout-column fusion_builder_column fusion-builder-column-2 fusion_builder_column_1_1 1_1 fusion-flex-column\" style=\"--awb-padding-top:50px;--awb-padding-right:50px;--awb-padding-bottom:50px;--awb-padding-left:50px;--awb-padding-top-medium:50px;--awb-padding-top-small:50px;--awb-padding-right-small:25px;--awb-padding-left-small:25px;--awb-bg-color:#ffffff;--awb-bg-color-hover:#ffffff;--awb-bg-position:center top;--awb-bg-size:cover;--awb-width-large:100%;--awb-margin-top-large:0px;--awb-spacing-right-large:1.92%;--awb-margin-bottom-large:0px;--awb-spacing-left-large:1.92%;--awb-width-medium:100%;--awb-order-medium:0;--awb-spacing-right-medium:1.92%;--awb-spacing-left-medium:1.92%;--awb-width-small:100%;--awb-order-small:0;--awb-spacing-right-small:1.92%;--awb-spacing-left-small:1.92%;\"><div class=\"fusion-column-wrapper fusion-column-has-shadow fusion-flex-justify-content-flex-start fusion-content-layout-column\"><div class=\"fusion-title title fusion-title-1 fusion-sep-none fusion-title-center fusion-title-text fusion-title-size-one\" style=\"--awb-text-color:#c47e5a;--awb-margin-top:0px;--awb-margin-bottom:50px;--awb-margin-right-small:25px;--awb-margin-bottom-small:25px;--awb-margin-left-small:25px;\"><h1 class=\"fusion-title-heading title-heading-center fusion-responsive-typography-calculated\" style=\"font-family:&quot;Lato&quot;;font-style:normal;font-weight:400;margin:0;--fontSize:30;line-height:1.16;\"><strong>\u00c0 PROPOS DE COPPER BRANCH<\/strong><\/h1><\/div><div class=\"fusion-text fusion-text-1\" style=\"--awb-content-alignment:left;--awb-text-color:#000000;--awb-margin-right:0px;--awb-margin-left:0px;\"><p><strong>Notre mission est simple<\/strong> : servir \u00e0 notre communaut\u00e9 des aliments entiers de qualit\u00e9 et lui offrir la possibilit\u00e9 de faire la diff\u00e9rence \u00e0 travers ce qu&#8217;elle a dans son assiette. Nous sommes des faiseurs de changement, engag\u00e9s \u00e0 favoriser une culture d&#8217;inclusion, d&#8217;engagement communautaire et d&#8217;am\u00e9lioration du monde. Nous sommes une famille qui travaille ensemble pour rendre cette plan\u00e8te meilleure pour les g\u00e9n\u00e9rations futures. Chaque nouveau client est un ami que nous n&#8217;avons pas encore rencontr\u00e9, et nos restaurants sont l&#8217;endroit o\u00f9 nous nous r\u00e9unissons pour explorer la grande cuisine et les grandes id\u00e9es.<\/p>\n<p>Que vous soyez d\u00e9j\u00e0 v\u00e9g\u00e9talien, que vous cherchiez \u00e0 passer \u00e0 un r\u00e9gime plus v\u00e9g\u00e9tal ou que vous essayiez simplement de manger plus sainement, notre nourriture s&#8217;adresse \u00e0 tous. Qu&#8217;il s&#8217;agisse de plats r\u00e9confortants ou de plats plus l\u00e9gers, notre menu offre quelque chose de savoureux pour tous les r\u00e9gimes et tous les go\u00fbts. Des power bowls aux burgers en passant par les smoothies, savourez des plats frais et d\u00e9licieux pr\u00e9par\u00e9s sp\u00e9cialement pour vous !<\/p>\n<p>Nous nous engageons \u00e0 innover et \u00e0 rechercher constamment de nouvelles fa\u00e7ons de nourrir le monde de fa\u00e7on durable et d\u00e9licieuse. Nous croyons en une alimentation propre pour une plan\u00e8te propre et nous nous effor\u00e7ons de servir des aliments aussi peu transform\u00e9s et r\u00e9els que possible. C&#8217;est notre fa\u00e7on de laisser le monde un peu mieux chaque jour qu&#8217;il ne l&#8217;\u00e9tait la veille.<\/p>\n<p><strong>Venez explorer par vous-m\u00eame notre monde de nourriture saine et savoureuse !<\/strong><\/p>\n<\/div><\/div><\/div><\/div><\/div><\/p>\n","protected":false},"excerpt":{"rendered":"","protected":false},"author":4,"featured_media":0,"parent":0,"menu_order":0,"comment_status":"closed","ping_status":"closed","template":"100-width.php","meta":{"_acf_changed":false,"footnotes":""},"class_list":["post-1262","page","type-page","status-publish","hentry"],"acf":[],"_links":{"self":[{"href":"https:\/\/eatcopperbranch.com\/fr\/wp-json\/wp\/v2\/pages\/1262"}],"collection":[{"href":"https:\/\/eatcopperbranch.com\/fr\/wp-json\/wp\/v2\/pages"}],"about":[{"href":"https:\/\/eatcopperbranch.com\/fr\/wp-json\/wp\/v2\/types\/page"}],"author":[{"embeddable":true,"href":"https:\/\/eatcopperbranch.com\/fr\/wp-json\/wp\/v2\/users\/4"}],"replies":[{"embeddable":true,"href":"https:\/\/eatcopperbranch.com\/fr\/wp-json\/wp\/v2\/comments?post=1262"}],"version-history":[{"count":9,"href":"https:\/\/eatcopperbranch.com\/fr\/wp-json\/wp\/v2\/pages\/1262\/revisions"}],"predecessor-version":[{"id":4316,"href":"https:\/\/eatcopperbranch.com\/fr\/wp-json\/wp\/v2\/pages\/1262\/revisions\/4316"}],"wp:attachment":[{"href":"https:\/\/eatcopperbranch.com\/fr\/wp-json\/wp\/v2\/media?parent=1262"}],"curies":[{"name":"wp","href":"https:\/\/api.w.org\/{rel}","templated":true}]}}