{"id":1698,"date":"2021-10-14T15:17:40","date_gmt":"2021-10-14T19:17:40","guid":{"rendered":"http:\/\/eatcopperbranch.com\/?page_id=1698"},"modified":"2021-12-21T13:49:03","modified_gmt":"2021-12-21T17:49:03","slug":"salle-de-presse","status":"publish","type":"page","link":"https:\/\/eatcopperbranch.com\/fr\/blogue\/salle-de-presse\/","title":{"rendered":"Salle de presse"},"content":{"rendered":"<p><div class=\"fusion-fullwidth fullwidth-box fusion-builder-row-1 fusion-flex-container gradient-container-1 hundred-percent-fullwidth non-hundred-percent-height-scrolling\" style=\"--awb-border-radius-top-left:0px;--awb-border-radius-top-right:0px;--awb-border-radius-bottom-right:0px;--awb-border-radius-bottom-left:0px;--awb-padding-top:50px;--awb-padding-right:0px;--awb-padding-bottom:0px;--awb-padding-left:0px;--awb-flex-wrap:wrap;\" ><div class=\"fusion-builder-row fusion-row fusion-flex-align-items-flex-start fusion-flex-content-wrap\" style=\"width:calc( 100% + 0px ) !important;max-width:calc( 100% + 0px ) !important;margin-left: calc(-0px \/ 2 );margin-right: calc(-0px \/ 2 );\"><div class=\"fusion-layout-column fusion_builder_column fusion-builder-column-0 fusion_builder_column_1_1 1_1 fusion-flex-column\" style=\"--awb-padding-top:25px;--awb-padding-right:25px;--awb-padding-bottom:25px;--awb-padding-left:25px;--awb-bg-color:#d8b89f;--awb-bg-color-hover:#d8b89f;--awb-bg-size:cover;--awb-width-large:100%;--awb-margin-top-large:0px;--awb-spacing-right-large:0px;--awb-margin-bottom-large:0px;--awb-spacing-left-large:0px;--awb-width-medium:100%;--awb-order-medium:0;--awb-spacing-right-medium:0px;--awb-spacing-left-medium:0px;--awb-width-small:100%;--awb-order-small:0;--awb-spacing-right-small:0px;--awb-spacing-left-small:0px;\"><div class=\"fusion-column-wrapper fusion-column-has-shadow fusion-flex-justify-content-flex-start fusion-content-layout-column\"><div class=\"fusion-title title fusion-title-1 fusion-sep-none fusion-title-center fusion-title-text fusion-title-size-one\" style=\"--awb-text-color:#ffffff;\"><h1 class=\"fusion-title-heading title-heading-center fusion-responsive-typography-calculated\" style=\"margin:0;--fontSize:30;line-height:1.16;\">VIVRE, AIMER, MANGER DU COPPER BRANCH<\/h1><\/div><\/div><\/div><div class=\"fusion-layout-column fusion_builder_column fusion-builder-column-1 fusion_builder_column_1_1 1_1 fusion-flex-column\" style=\"--awb-padding-top:50PX;--awb-padding-right:50px;--awb-padding-bottom:50PX;--awb-padding-left:50px;--awb-bg-size:cover;--awb-width-large:100%;--awb-margin-top-large:0px;--awb-spacing-right-large:0px;--awb-margin-bottom-large:0px;--awb-spacing-left-large:0px;--awb-width-medium:100%;--awb-order-medium:0;--awb-spacing-right-medium:0px;--awb-spacing-left-medium:0px;--awb-width-small:100%;--awb-order-small:0;--awb-spacing-right-small:0px;--awb-spacing-left-small:0px;\"><div class=\"fusion-column-wrapper fusion-column-has-shadow fusion-flex-justify-content-flex-start fusion-content-layout-column\"><div class=\"fusion-title title fusion-title-2 fusion-sep-none fusion-title-center fusion-title-text fusion-title-size-two\" style=\"--awb-text-color:#c47e5a;\"><h2 class=\"fusion-title-heading title-heading-center fusion-responsive-typography-calculated\" style=\"margin:0;--fontSize:30;line-height:1.2;\">SALLE DE PRESSE<\/h2><\/div><\/div><\/div><\/div><\/div><div class=\"fusion-fullwidth fullwidth-box fusion-builder-row-2 fusion-flex-container gradient-container-2 hundred-percent-fullwidth non-hundred-percent-height-scrolling\" style=\"--awb-border-radius-top-left:0px;--awb-border-radius-top-right:0px;--awb-border-radius-bottom-right:0px;--awb-border-radius-bottom-left:0px;--awb-padding-right:0px;--awb-padding-left:0px;--awb-flex-wrap:wrap;\" ><div class=\"fusion-builder-row fusion-row fusion-flex-align-items-flex-start fusion-flex-content-wrap\" style=\"width:104% !important;max-width:104% !important;margin-left: calc(-4% \/ 2 );margin-right: calc(-4% \/ 2 );\"><div class=\"fusion-layout-column fusion_builder_column fusion-builder-column-2 fusion_builder_column_1_1 1_1 fusion-flex-column\" style=\"--awb-padding-right:50px;--awb-padding-bottom:50px;--awb-padding-left:50px;--awb-padding-right-small:25px;--awb-padding-left-small:25px;--awb-bg-size:cover;--awb-width-large:100%;--awb-margin-top-large:0px;--awb-spacing-right-large:1.92%;--awb-margin-bottom-large:0px;--awb-spacing-left-large:1.92%;--awb-width-medium:100%;--awb-order-medium:0;--awb-spacing-right-medium:1.92%;--awb-spacing-left-medium:1.92%;--awb-width-small:100%;--awb-order-small:0;--awb-spacing-right-small:1.92%;--awb-spacing-left-small:1.92%;\"><div class=\"fusion-column-wrapper fusion-column-has-shadow fusion-flex-justify-content-flex-start fusion-content-layout-column\"><div class=\"fusion-post-cards fusion-post-cards-1 fusion-grid-archive fusion-grid-columns-3\" style=\"--awb-column-spacing:25px;--awb-columns:3;--awb-row-spacing:50px;\"><ul class=\"fusion-grid fusion-grid-3 fusion-flex-align-items-stretch fusion-grid-posts-cards\"><li class=\"fusion-layout-column fusion_builder_column fusion-builder-column-3 fusion-flex-column post-card fusion-grid-column fusion-post-cards-grid-column\" style=\"--awb-bg-color:#f9f5f0;--awb-bg-color-hover:#f9f5f0;--awb-bg-blend:overlay;--awb-bg-size:cover;--awb-border-color:#f2f3f5;--awb-border-top:1px;--awb-border-right:1px;--awb-border-bottom:1px;--awb-border-left:1px;--awb-border-style:solid;\"><div class=\"fusion-column-wrapper fusion-column-has-shadow fusion-flex-justify-content-flex-start fusion-content-layout-column\"><div class=\"fusion-classic-product-image-wrapper fusion-woo-product-image fusion-post-card-image fusion-post-card-image-1 post-cards__img-max-height\" data-layout=\"static\"><div  class=\"fusion-image-wrapper\" aria-haspopup=\"true\">\n\t\t\t\t\t\t\t<a href=\"https:\/\/eatcopperbranch.com\/fr\/copper-branch-veut-se-ramifier-partout-dans-le-monde\/\" aria-label=\"Copper Branch veut se ramifier partout dans le monde\">\n\t\t\t\t\t\t\t<img decoding=\"async\" width=\"1080\" height=\"675\" src=\"https:\/\/eatcopperbranch.com\/wp-content\/uploads\/2019\/06\/copper-branch-partout-dans-le-monde.jpg\" class=\"attachment-full size-full wp-post-image\" alt=\"Copper Branch se ramifie partout dans le monde\" srcset=\"https:\/\/eatcopperbranch.com\/wp-content\/uploads\/2019\/06\/copper-branch-partout-dans-le-monde-200x125.jpg 200w, https:\/\/eatcopperbranch.com\/wp-content\/uploads\/2019\/06\/copper-branch-partout-dans-le-monde-400x250.jpg 400w, https:\/\/eatcopperbranch.com\/wp-content\/uploads\/2019\/06\/copper-branch-partout-dans-le-monde-600x375.jpg 600w, https:\/\/eatcopperbranch.com\/wp-content\/uploads\/2019\/06\/copper-branch-partout-dans-le-monde-800x500.jpg 800w, https:\/\/eatcopperbranch.com\/wp-content\/uploads\/2019\/06\/copper-branch-partout-dans-le-monde.jpg 1080w\" sizes=\"(min-width: 1200px) 33vw, (min-width: 2200px) 100vw, (min-width: 1064px) 623px, (min-width: 992px) 935px, (min-width: 920px) 992px, \" \/>\t\t\t<\/a>\n\t\t\t\t\t\t\t<\/div>\n<\/div><div class=\"fusion-builder-row fusion-builder-row-inner fusion-row fusion-flex-align-items-flex-start fusion-flex-content-wrap\" style=\"width:104% !important;max-width:104% !important;margin-left: calc(-4% \/ 2 );margin-right: calc(-4% \/ 2 );\"><div class=\"fusion-layout-column fusion_builder_column_inner fusion-builder-nested-column-0 fusion_builder_column_inner_1_1 1_1 fusion-flex-column\" style=\"--awb-padding-top:25px;--awb-padding-right:25px;--awb-padding-left:25px;--awb-bg-color:#f9f5f0;--awb-bg-color-hover:#f9f5f0;--awb-bg-size:cover;--awb-width-large:100%;--awb-margin-top-large:0px;--awb-spacing-right-large:1.92%;--awb-margin-bottom-large:20px;--awb-spacing-left-large:1.92%;--awb-width-medium:100%;--awb-order-medium:0;--awb-spacing-right-medium:1.92%;--awb-spacing-left-medium:1.92%;--awb-width-small:100%;--awb-order-small:0;--awb-spacing-right-small:1.92%;--awb-spacing-left-small:1.92%;\"><div class=\"fusion-column-wrapper fusion-column-has-shadow fusion-flex-justify-content-flex-start fusion-content-layout-column\"><div class=\"fusion-title title fusion-title-3 fusion-sep-none fusion-title-text fusion-title-size-three\" style=\"--awb-text-color:#c47e5a;--awb-link-color:#c47e5a;--awb-font-size:20px;\"><h3 class=\"fusion-title-heading title-heading-left fusion-responsive-typography-calculated\" style=\"font-family:&quot;Lato&quot;;font-style:normal;font-weight:700;margin:0;font-size:1em;text-transform:uppercase;--fontSize:20;--minFontSize:20;line-height:1.2;\"><a href=\"https:\/\/eatcopperbranch.com\/fr\/copper-branch-veut-se-ramifier-partout-dans-le-monde\/\" class=\"awb-custom-text-color awb-custom-text-hover-color\" target=\"_self\">Copper Branch veut se ramifier partout dans le monde<\/a><\/h3><\/div><div class=\"fusion-content-tb fusion-content-tb-1\" style=\"--awb-text-transform:none;--awb-text-font-family:&quot;Lato&quot;;--awb-text-font-style:normal;--awb-text-font-weight:400;\"><p>Publi\u00e9 le 13 juin 2019 | Salle de presse PAR\u00a0ANNE-MARIE LUCA \u00ab\u2009\u00adComme on savait qu\u2019on allait exporter dans d\u2019autres provinces, on a opt\u00e9 pour une ...<\/p><\/div><\/div><\/div><\/div><div class=\"fusion-separator fusion-full-width-sep\" style=\"align-self: center;margin-left: auto;margin-right: auto;flex-grow:1;width:100%;\"><\/div><div ><a class=\"fusion-button button-flat fusion-button-default-size button-custom fusion-button-default button-1 fusion-button-span-no fusion-button-default-type read-more-link\" style=\"--button_accent_color:#c47e5a;--button_accent_hover_color:#000000;--button_border_hover_color:#ffffff;--button_gradient_top_color:rgba(255,255,255,0);--button_gradient_bottom_color:rgba(255,255,255,0);--button_gradient_top_color_hover:rgba(255,255,255,0);--button_gradient_bottom_color_hover:rgba(255,255,255,0);--button_padding-right:25px;--button_padding-bottom:50px;--button_padding-left:25px;--button_margin-right:25px;--button_margin-left:25px;\" target=\"_self\" href=\"https:\/\/eatcopperbranch.com\/fr\/copper-branch-veut-se-ramifier-partout-dans-le-monde\/\"><span class=\"fusion-button-text\">Lire l&#8217;article<\/span><\/a><\/div><\/div><\/li>\n<li class=\"fusion-layout-column fusion_builder_column fusion-builder-column-4 fusion-flex-column post-card fusion-grid-column fusion-post-cards-grid-column\" style=\"--awb-bg-color:#f9f5f0;--awb-bg-color-hover:#f9f5f0;--awb-bg-blend:overlay;--awb-bg-size:cover;--awb-border-color:#f2f3f5;--awb-border-top:1px;--awb-border-right:1px;--awb-border-bottom:1px;--awb-border-left:1px;--awb-border-style:solid;\"><div class=\"fusion-column-wrapper fusion-column-has-shadow fusion-flex-justify-content-flex-start fusion-content-layout-column\"><div class=\"fusion-classic-product-image-wrapper fusion-woo-product-image fusion-post-card-image fusion-post-card-image-1 post-cards__img-max-height\" data-layout=\"static\"><div  class=\"fusion-image-wrapper\" aria-haspopup=\"true\">\n\t\t\t\t\t\t\t<a href=\"https:\/\/eatcopperbranch.com\/fr\/une-deuxieme-personnalite-extraordinaire-pour-copper-branch\/\" aria-label=\"Une deuxi\u00e8me personnalit\u00e9 extraordinaire pour Copper Branch!\">\n\t\t\t\t\t\t\t<img decoding=\"async\" width=\"1080\" height=\"617\" src=\"https:\/\/eatcopperbranch.com\/wp-content\/uploads\/2021\/10\/Bianca-1080x617-1.jpg\" class=\"attachment-full size-full wp-post-image\" alt=\"Une deuxi\u00e8me personnalit\u00e9 extraordinaire pour Copper Branch\" srcset=\"https:\/\/eatcopperbranch.com\/wp-content\/uploads\/2021\/10\/Bianca-1080x617-1-200x114.jpg 200w, https:\/\/eatcopperbranch.com\/wp-content\/uploads\/2021\/10\/Bianca-1080x617-1-400x229.jpg 400w, https:\/\/eatcopperbranch.com\/wp-content\/uploads\/2021\/10\/Bianca-1080x617-1-600x343.jpg 600w, https:\/\/eatcopperbranch.com\/wp-content\/uploads\/2021\/10\/Bianca-1080x617-1-800x457.jpg 800w, https:\/\/eatcopperbranch.com\/wp-content\/uploads\/2021\/10\/Bianca-1080x617-1.jpg 1080w\" sizes=\"(min-width: 1200px) 33vw, (min-width: 2200px) 100vw, (min-width: 1064px) 623px, (min-width: 992px) 935px, (min-width: 920px) 992px, \" \/>\t\t\t<\/a>\n\t\t\t\t\t\t\t<\/div>\n<\/div><div class=\"fusion-builder-row fusion-builder-row-inner fusion-row fusion-flex-align-items-flex-start fusion-flex-content-wrap\" style=\"width:104% !important;max-width:104% !important;margin-left: calc(-4% \/ 2 );margin-right: calc(-4% \/ 2 );\"><div class=\"fusion-layout-column fusion_builder_column_inner fusion-builder-nested-column-1 fusion_builder_column_inner_1_1 1_1 fusion-flex-column\" style=\"--awb-padding-top:25px;--awb-padding-right:25px;--awb-padding-left:25px;--awb-bg-color:#f9f5f0;--awb-bg-color-hover:#f9f5f0;--awb-bg-size:cover;--awb-width-large:100%;--awb-margin-top-large:0px;--awb-spacing-right-large:1.92%;--awb-margin-bottom-large:20px;--awb-spacing-left-large:1.92%;--awb-width-medium:100%;--awb-order-medium:0;--awb-spacing-right-medium:1.92%;--awb-spacing-left-medium:1.92%;--awb-width-small:100%;--awb-order-small:0;--awb-spacing-right-small:1.92%;--awb-spacing-left-small:1.92%;\"><div class=\"fusion-column-wrapper fusion-column-has-shadow fusion-flex-justify-content-flex-start fusion-content-layout-column\"><div class=\"fusion-title title fusion-title-4 fusion-sep-none fusion-title-text fusion-title-size-three\" style=\"--awb-text-color:#c47e5a;--awb-link-color:#c47e5a;--awb-font-size:20px;\"><h3 class=\"fusion-title-heading title-heading-left fusion-responsive-typography-calculated\" style=\"font-family:&quot;Lato&quot;;font-style:normal;font-weight:700;margin:0;font-size:1em;text-transform:uppercase;--fontSize:20;--minFontSize:20;line-height:1.2;\"><a href=\"https:\/\/eatcopperbranch.com\/fr\/une-deuxieme-personnalite-extraordinaire-pour-copper-branch\/\" class=\"awb-custom-text-color awb-custom-text-hover-color\" target=\"_self\">Une deuxi\u00e8me personnalit\u00e9 extraordinaire pour Copper Branch!<\/a><\/h3><\/div><div class=\"fusion-content-tb fusion-content-tb-2\" style=\"--awb-text-transform:none;--awb-text-font-family:&quot;Lato&quot;;--awb-text-font-style:normal;--awb-text-font-weight:400;\"><p>Publi\u00e9 le 29 mai 2019 | Salle de presse, Nouvelles Montr\u00e9al, le 28 mai 2019 La cha\u00eene de restauration v\u00e9g\u00e9talienne Copper Branch lance la deuxi\u00e8me ...<\/p><\/div><\/div><\/div><\/div><div class=\"fusion-separator fusion-full-width-sep\" style=\"align-self: center;margin-left: auto;margin-right: auto;flex-grow:1;width:100%;\"><\/div><div ><a class=\"fusion-button button-flat fusion-button-default-size button-custom fusion-button-default button-2 fusion-button-span-no fusion-button-default-type read-more-link\" style=\"--button_accent_color:#c47e5a;--button_accent_hover_color:#000000;--button_border_hover_color:#ffffff;--button_gradient_top_color:rgba(255,255,255,0);--button_gradient_bottom_color:rgba(255,255,255,0);--button_gradient_top_color_hover:rgba(255,255,255,0);--button_gradient_bottom_color_hover:rgba(255,255,255,0);--button_padding-right:25px;--button_padding-bottom:50px;--button_padding-left:25px;--button_margin-right:25px;--button_margin-left:25px;\" target=\"_self\" href=\"https:\/\/eatcopperbranch.com\/fr\/une-deuxieme-personnalite-extraordinaire-pour-copper-branch\/\"><span class=\"fusion-button-text\">Lire l&#8217;article<\/span><\/a><\/div><\/div><\/li>\n<li class=\"fusion-layout-column fusion_builder_column fusion-builder-column-5 fusion-flex-column post-card fusion-grid-column fusion-post-cards-grid-column\" style=\"--awb-bg-color:#f9f5f0;--awb-bg-color-hover:#f9f5f0;--awb-bg-blend:overlay;--awb-bg-size:cover;--awb-border-color:#f2f3f5;--awb-border-top:1px;--awb-border-right:1px;--awb-border-bottom:1px;--awb-border-left:1px;--awb-border-style:solid;\"><div class=\"fusion-column-wrapper fusion-column-has-shadow fusion-flex-justify-content-flex-start fusion-content-layout-column\"><div class=\"fusion-classic-product-image-wrapper fusion-woo-product-image fusion-post-card-image fusion-post-card-image-1 post-cards__img-max-height\" data-layout=\"static\"><div  class=\"fusion-image-wrapper\" aria-haspopup=\"true\">\n\t\t\t\t\t\t\t<a href=\"https:\/\/eatcopperbranch.com\/fr\/les-vege-burgers-envahissent-la-restauration\/\" aria-label=\"Les v\u00e9g\u00e9 burgers envahissent la restauration\">\n\t\t\t\t\t\t\t<img decoding=\"async\" width=\"1080\" height=\"675\" src=\"https:\/\/eatcopperbranch.com\/wp-content\/uploads\/2021\/10\/Burger-Galaxie-1080x675-1.jpg\" class=\"attachment-full size-full wp-post-image\" alt=\"Les v\u00e9g\u00e9 burgers\" srcset=\"https:\/\/eatcopperbranch.com\/wp-content\/uploads\/2021\/10\/Burger-Galaxie-1080x675-1-200x125.jpg 200w, https:\/\/eatcopperbranch.com\/wp-content\/uploads\/2021\/10\/Burger-Galaxie-1080x675-1-400x250.jpg 400w, https:\/\/eatcopperbranch.com\/wp-content\/uploads\/2021\/10\/Burger-Galaxie-1080x675-1-600x375.jpg 600w, https:\/\/eatcopperbranch.com\/wp-content\/uploads\/2021\/10\/Burger-Galaxie-1080x675-1-800x500.jpg 800w, https:\/\/eatcopperbranch.com\/wp-content\/uploads\/2021\/10\/Burger-Galaxie-1080x675-1.jpg 1080w\" sizes=\"(min-width: 1200px) 33vw, (min-width: 2200px) 100vw, (min-width: 1064px) 623px, (min-width: 992px) 935px, (min-width: 920px) 992px, \" \/>\t\t\t<\/a>\n\t\t\t\t\t\t\t<\/div>\n<\/div><div class=\"fusion-builder-row fusion-builder-row-inner fusion-row fusion-flex-align-items-flex-start fusion-flex-content-wrap\" style=\"width:104% !important;max-width:104% !important;margin-left: calc(-4% \/ 2 );margin-right: calc(-4% \/ 2 );\"><div class=\"fusion-layout-column fusion_builder_column_inner fusion-builder-nested-column-2 fusion_builder_column_inner_1_1 1_1 fusion-flex-column\" style=\"--awb-padding-top:25px;--awb-padding-right:25px;--awb-padding-left:25px;--awb-bg-color:#f9f5f0;--awb-bg-color-hover:#f9f5f0;--awb-bg-size:cover;--awb-width-large:100%;--awb-margin-top-large:0px;--awb-spacing-right-large:1.92%;--awb-margin-bottom-large:20px;--awb-spacing-left-large:1.92%;--awb-width-medium:100%;--awb-order-medium:0;--awb-spacing-right-medium:1.92%;--awb-spacing-left-medium:1.92%;--awb-width-small:100%;--awb-order-small:0;--awb-spacing-right-small:1.92%;--awb-spacing-left-small:1.92%;\"><div class=\"fusion-column-wrapper fusion-column-has-shadow fusion-flex-justify-content-flex-start fusion-content-layout-column\"><div class=\"fusion-title title fusion-title-5 fusion-sep-none fusion-title-text fusion-title-size-three\" style=\"--awb-text-color:#c47e5a;--awb-link-color:#c47e5a;--awb-font-size:20px;\"><h3 class=\"fusion-title-heading title-heading-left fusion-responsive-typography-calculated\" style=\"font-family:&quot;Lato&quot;;font-style:normal;font-weight:700;margin:0;font-size:1em;text-transform:uppercase;--fontSize:20;--minFontSize:20;line-height:1.2;\"><a href=\"https:\/\/eatcopperbranch.com\/fr\/les-vege-burgers-envahissent-la-restauration\/\" class=\"awb-custom-text-color awb-custom-text-hover-color\" target=\"_self\">Les v\u00e9g\u00e9 burgers envahissent la restauration<\/a><\/h3><\/div><div class=\"fusion-content-tb fusion-content-tb-3\" style=\"--awb-text-transform:none;--awb-text-font-family:&quot;Lato&quot;;--awb-text-font-style:normal;--awb-text-font-weight:400;\"><p>Publi\u00e9 le 9 mai 2019 | Salle de presse Plus de 7 % des Canadiens se disent v\u00e9g\u00e9tariens. Une tendance qu\u2019ont d\u00e9cid\u00e9 d\u2019exploiter les industries ...<\/p><\/div><\/div><\/div><\/div><div class=\"fusion-separator fusion-full-width-sep\" style=\"align-self: center;margin-left: auto;margin-right: auto;flex-grow:1;width:100%;\"><\/div><div ><a class=\"fusion-button button-flat fusion-button-default-size button-custom fusion-button-default button-3 fusion-button-span-no fusion-button-default-type read-more-link\" style=\"--button_accent_color:#c47e5a;--button_accent_hover_color:#000000;--button_border_hover_color:#ffffff;--button_gradient_top_color:rgba(255,255,255,0);--button_gradient_bottom_color:rgba(255,255,255,0);--button_gradient_top_color_hover:rgba(255,255,255,0);--button_gradient_bottom_color_hover:rgba(255,255,255,0);--button_padding-right:25px;--button_padding-bottom:50px;--button_padding-left:25px;--button_margin-right:25px;--button_margin-left:25px;\" target=\"_self\" href=\"https:\/\/eatcopperbranch.com\/fr\/les-vege-burgers-envahissent-la-restauration\/\"><span class=\"fusion-button-text\">Lire l&#8217;article<\/span><\/a><\/div><\/div><\/li>\n<\/ul><div class=\"pagination clearfix\"><\/div><div class=\"fusion-clearfix\"><\/div><\/div><\/div><\/div><\/div><\/div><\/p>\n","protected":false},"excerpt":{"rendered":"","protected":false},"author":4,"featured_media":0,"parent":1346,"menu_order":0,"comment_status":"closed","ping_status":"closed","template":"100-width.php","meta":{"_acf_changed":false,"footnotes":""},"class_list":["post-1698","page","type-page","status-publish","hentry"],"acf":[],"_links":{"self":[{"href":"https:\/\/eatcopperbranch.com\/fr\/wp-json\/wp\/v2\/pages\/1698"}],"collection":[{"href":"https:\/\/eatcopperbranch.com\/fr\/wp-json\/wp\/v2\/pages"}],"about":[{"href":"https:\/\/eatcopperbranch.com\/fr\/wp-json\/wp\/v2\/types\/page"}],"author":[{"embeddable":true,"href":"https:\/\/eatcopperbranch.com\/fr\/wp-json\/wp\/v2\/users\/4"}],"replies":[{"embeddable":true,"href":"https:\/\/eatcopperbranch.com\/fr\/wp-json\/wp\/v2\/comments?post=1698"}],"version-history":[{"count":7,"href":"https:\/\/eatcopperbranch.com\/fr\/wp-json\/wp\/v2\/pages\/1698\/revisions"}],"predecessor-version":[{"id":2860,"href":"https:\/\/eatcopperbranch.com\/fr\/wp-json\/wp\/v2\/pages\/1698\/revisions\/2860"}],"up":[{"embeddable":true,"href":"https:\/\/eatcopperbranch.com\/fr\/wp-json\/wp\/v2\/pages\/1346"}],"wp:attachment":[{"href":"https:\/\/eatcopperbranch.com\/fr\/wp-json\/wp\/v2\/media?parent=1698"}],"curies":[{"name":"wp","href":"https:\/\/api.w.org\/{rel}","templated":true}]}}