{"id":3707,"date":"2023-07-06T15:09:28","date_gmt":"2023-07-06T19:09:28","guid":{"rendered":"http:\/\/eatcopperbranch.com\/produits-en-vente\/"},"modified":"2023-07-07T07:45:16","modified_gmt":"2023-07-07T11:45:16","slug":"produits-en-vente","status":"publish","type":"page","link":"https:\/\/eatcopperbranch.com\/fr\/produits-en-vente\/","title":{"rendered":"Produits en vente"},"content":{"rendered":"<p><div class=\"fusion-fullwidth fullwidth-box fusion-builder-row-1 fusion-flex-container gradient-container-1 hundred-percent-fullwidth non-hundred-percent-height-scrolling\" style=\"--awb-border-radius-top-left:0px;--awb-border-radius-top-right:0px;--awb-border-radius-bottom-right:0px;--awb-border-radius-bottom-left:0px;--awb-padding-top:50p;--awb-padding-right:0px;--awb-padding-left:0px;--awb-background-color:#d8b89f;--awb-flex-wrap:wrap;\" ><div class=\"fusion-builder-row fusion-row fusion-flex-align-items-flex-start fusion-flex-content-wrap\" style=\"width:calc( 100% + 0px ) !important;max-width:calc( 100% + 0px ) !important;margin-left: calc(-0px \/ 2 );margin-right: calc(-0px \/ 2 );\"><div class=\"fusion-layout-column fusion_builder_column fusion-builder-column-0 fusion_builder_column_1_1 1_1 fusion-flex-column\" style=\"--awb-padding-top:25px;--awb-padding-right:25px;--awb-padding-bottom:25px;--awb-padding-left:25px;--awb-bg-color:var(--awb-color1);--awb-bg-color-hover:var(--awb-color1);--awb-bg-size:cover;--awb-width-large:100%;--awb-margin-top-large:0px;--awb-spacing-right-large:0px;--awb-margin-bottom-large:0px;--awb-spacing-left-large:0px;--awb-width-medium:100%;--awb-order-medium:0;--awb-spacing-right-medium:0px;--awb-spacing-left-medium:0px;--awb-width-small:100%;--awb-order-small:0;--awb-spacing-right-small:0px;--awb-spacing-left-small:0px;\"><div class=\"fusion-column-wrapper fusion-column-has-shadow fusion-flex-justify-content-flex-start fusion-content-layout-column\"><div class=\"fusion-title title fusion-title-1 fusion-sep-none fusion-title-center fusion-title-text fusion-title-size-one\" style=\"--awb-text-color:var(--awb-color5);\"><h1 class=\"fusion-title-heading title-heading-center fusion-responsive-typography-calculated\" style=\"margin:0;--fontSize:30;line-height:1.16;\">REPAS INSPIR\u00c9S PAR LE CHEF<\/h1><\/div><\/div><\/div><div class=\"fusion-layout-column fusion_builder_column fusion-builder-column-1 fusion_builder_column_1_2 1_2 fusion-flex-column\" style=\"--awb-padding-top:50PX;--awb-padding-right:50px;--awb-padding-bottom:50PX;--awb-padding-left:50px;--awb-padding-right-small:30px;--awb-padding-bottom-small:25px;--awb-padding-left-small:30px;--awb-bg-size:cover;--awb-width-large:50%;--awb-margin-top-large:0px;--awb-spacing-right-large:0px;--awb-margin-bottom-large:0px;--awb-spacing-left-large:0px;--awb-width-medium:50%;--awb-order-medium:0;--awb-spacing-right-medium:0px;--awb-spacing-left-medium:0px;--awb-width-small:100%;--awb-order-small:0;--awb-spacing-right-small:0px;--awb-spacing-left-small:0px;\"><div class=\"fusion-column-wrapper fusion-column-has-shadow fusion-flex-justify-content-flex-start fusion-content-layout-column\"><div class=\"fusion-image-element \" style=\"text-align:center;--awb-margin-bottom:50px;--awb-max-width:400px;--awb-caption-title-font-family:var(--h2_typography-font-family);--awb-caption-title-font-weight:var(--h2_typography-font-weight);--awb-caption-title-font-style:var(--h2_typography-font-style);--awb-caption-title-size:var(--h2_typography-font-size);--awb-caption-title-transform:var(--h2_typography-text-transform);--awb-caption-title-line-height:var(--h2_typography-line-height);--awb-caption-title-letter-spacing:var(--h2_typography-letter-spacing);\"><span class=\" fusion-imageframe imageframe-none imageframe-1 hover-type-none\"><img decoding=\"async\" width=\"1300\" height=\"1140\" alt=\"General Tao Bowl frozen meal\" title=\"02. General Tao (1)\" src=\"http:\/\/eatcopperbranch.com\/wp-content\/uploads\/2023\/07\/02.-General-Tao-1.png\" class=\"img-responsive wp-image-3660\" srcset=\"https:\/\/eatcopperbranch.com\/wp-content\/uploads\/2023\/07\/02.-General-Tao-1-200x175.png 200w, https:\/\/eatcopperbranch.com\/wp-content\/uploads\/2023\/07\/02.-General-Tao-1-400x351.png 400w, https:\/\/eatcopperbranch.com\/wp-content\/uploads\/2023\/07\/02.-General-Tao-1-600x526.png 600w, https:\/\/eatcopperbranch.com\/wp-content\/uploads\/2023\/07\/02.-General-Tao-1-800x702.png 800w, https:\/\/eatcopperbranch.com\/wp-content\/uploads\/2023\/07\/02.-General-Tao-1-1200x1052.png 1200w, https:\/\/eatcopperbranch.com\/wp-content\/uploads\/2023\/07\/02.-General-Tao-1.png 1300w\" sizes=\"(max-width: 640px) 100vw, 600px\" \/><\/span><\/div><div class=\"fusion-title title fusion-title-2 fusion-sep-none fusion-title-center fusion-title-text fusion-title-size-two\" style=\"--awb-text-color:var(--awb-color1);--awb-font-size:24px;\"><h2 class=\"fusion-title-heading title-heading-center fusion-responsive-typography-calculated\" style=\"margin:0;font-size:1em;text-transform:uppercase;--fontSize:24;--minFontSize:24;line-height:1.2;\">Bol G\u00e9n\u00e9ral Tao<\/h2><\/div><div class=\"fusion-text fusion-text-1\" style=\"--awb-content-alignment:center;\"><p><a href=\"http:\/\/eatcopperbranch.com\/wp-content\/uploads\/2023\/07\/02.-General-Tao-Nutritional-and-Ingredient-List_compressed.pdf\" target=\"_blank\" rel=\"noopener\" class=\"underline-link\"><strong>Ingr\u00e9dients et Informations Nutritionnelles<\/strong><\/a><\/p>\n<\/div><\/div><\/div><div class=\"fusion-layout-column fusion_builder_column fusion-builder-column-2 fusion_builder_column_1_2 1_2 fusion-flex-column\" style=\"--awb-padding-top:50PX;--awb-padding-right:50px;--awb-padding-bottom:50PX;--awb-padding-left:50px;--awb-padding-right-small:30px;--awb-padding-bottom-small:25px;--awb-padding-left-small:30px;--awb-bg-size:cover;--awb-width-large:50%;--awb-margin-top-large:0px;--awb-spacing-right-large:0px;--awb-margin-bottom-large:0px;--awb-spacing-left-large:0px;--awb-width-medium:50%;--awb-order-medium:0;--awb-spacing-right-medium:0px;--awb-spacing-left-medium:0px;--awb-width-small:100%;--awb-order-small:0;--awb-spacing-right-small:0px;--awb-spacing-left-small:0px;\"><div class=\"fusion-column-wrapper fusion-column-has-shadow fusion-flex-justify-content-flex-start fusion-content-layout-column\"><div class=\"fusion-image-element \" style=\"text-align:center;--awb-margin-bottom:50px;--awb-max-width:400px;--awb-caption-title-font-family:var(--h2_typography-font-family);--awb-caption-title-font-weight:var(--h2_typography-font-weight);--awb-caption-title-font-style:var(--h2_typography-font-style);--awb-caption-title-size:var(--h2_typography-font-size);--awb-caption-title-transform:var(--h2_typography-text-transform);--awb-caption-title-line-height:var(--h2_typography-line-height);--awb-caption-title-letter-spacing:var(--h2_typography-letter-spacing);\"><span class=\" fusion-imageframe imageframe-none imageframe-2 hover-type-none\"><img decoding=\"async\" width=\"1300\" height=\"1138\" alt=\"Mditerraneo power bowl frozen meal\" title=\"03. Mediterraneo (1)\" src=\"http:\/\/eatcopperbranch.com\/wp-content\/uploads\/2023\/07\/03.-Mediterraneo-1.png\" class=\"img-responsive wp-image-3662\" srcset=\"https:\/\/eatcopperbranch.com\/wp-content\/uploads\/2023\/07\/03.-Mediterraneo-1-200x175.png 200w, https:\/\/eatcopperbranch.com\/wp-content\/uploads\/2023\/07\/03.-Mediterraneo-1-400x350.png 400w, https:\/\/eatcopperbranch.com\/wp-content\/uploads\/2023\/07\/03.-Mediterraneo-1-600x525.png 600w, https:\/\/eatcopperbranch.com\/wp-content\/uploads\/2023\/07\/03.-Mediterraneo-1-800x700.png 800w, https:\/\/eatcopperbranch.com\/wp-content\/uploads\/2023\/07\/03.-Mediterraneo-1-1200x1050.png 1200w, https:\/\/eatcopperbranch.com\/wp-content\/uploads\/2023\/07\/03.-Mediterraneo-1.png 1300w\" sizes=\"(max-width: 640px) 100vw, 600px\" \/><\/span><\/div><div class=\"fusion-title title fusion-title-3 fusion-sep-none fusion-title-center fusion-title-text fusion-title-size-two\" style=\"--awb-text-color:var(--awb-color1);--awb-font-size:24px;\"><h2 class=\"fusion-title-heading title-heading-center fusion-responsive-typography-calculated\" style=\"margin:0;font-size:1em;text-transform:uppercase;--fontSize:24;--minFontSize:24;line-height:1.2;\">Bol \u00c9nergisant M\u00e9diterran\u00e9o<\/h2><\/div><div class=\"fusion-text fusion-text-2\" style=\"--awb-content-alignment:center;\"><p><a href=\"http:\/\/eatcopperbranch.com\/wp-content\/uploads\/2023\/07\/03.-Mediterraneo-Nutritional-and-Ingredient-List_compressed.pdf\" target=\"_blank\" rel=\"noopener\" class=\"underline-link\"><strong>Ingr\u00e9dients et Informations Nutritionnelles<\/strong><\/a><\/p>\n<\/div><\/div><\/div><div class=\"fusion-layout-column fusion_builder_column fusion-builder-column-3 fusion_builder_column_1_2 1_2 fusion-flex-column\" style=\"--awb-padding-top:50PX;--awb-padding-right:50px;--awb-padding-bottom:50PX;--awb-padding-left:50px;--awb-padding-right-small:30px;--awb-padding-bottom-small:25px;--awb-padding-left-small:30px;--awb-bg-size:cover;--awb-width-large:50%;--awb-margin-top-large:0px;--awb-spacing-right-large:0px;--awb-margin-bottom-large:50px;--awb-spacing-left-large:0px;--awb-width-medium:50%;--awb-order-medium:0;--awb-spacing-right-medium:0px;--awb-spacing-left-medium:0px;--awb-width-small:100%;--awb-order-small:0;--awb-spacing-right-small:0px;--awb-margin-bottom-small:0px;--awb-spacing-left-small:0px;\"><div class=\"fusion-column-wrapper fusion-column-has-shadow fusion-flex-justify-content-flex-start fusion-content-layout-column\"><div class=\"fusion-image-element \" style=\"text-align:center;--awb-margin-bottom:50px;--awb-max-width:400px;--awb-caption-title-font-family:var(--h2_typography-font-family);--awb-caption-title-font-weight:var(--h2_typography-font-weight);--awb-caption-title-font-style:var(--h2_typography-font-style);--awb-caption-title-size:var(--h2_typography-font-size);--awb-caption-title-transform:var(--h2_typography-text-transform);--awb-caption-title-line-height:var(--h2_typography-line-height);--awb-caption-title-letter-spacing:var(--h2_typography-letter-spacing);\"><span class=\" fusion-imageframe imageframe-none imageframe-3 hover-type-none\"><img decoding=\"async\" width=\"1300\" height=\"1003\" alt=\"Mediterraneo power bowl chef inspired frozen meal\" title=\"04 .CB-Seoul (1)\" src=\"http:\/\/eatcopperbranch.com\/wp-content\/uploads\/2023\/07\/04-.CB-Seoul-1.png\" class=\"img-responsive wp-image-3664\" srcset=\"https:\/\/eatcopperbranch.com\/wp-content\/uploads\/2023\/07\/04-.CB-Seoul-1-200x154.png 200w, https:\/\/eatcopperbranch.com\/wp-content\/uploads\/2023\/07\/04-.CB-Seoul-1-400x309.png 400w, https:\/\/eatcopperbranch.com\/wp-content\/uploads\/2023\/07\/04-.CB-Seoul-1-600x463.png 600w, https:\/\/eatcopperbranch.com\/wp-content\/uploads\/2023\/07\/04-.CB-Seoul-1-800x617.png 800w, https:\/\/eatcopperbranch.com\/wp-content\/uploads\/2023\/07\/04-.CB-Seoul-1-1200x926.png 1200w, https:\/\/eatcopperbranch.com\/wp-content\/uploads\/2023\/07\/04-.CB-Seoul-1.png 1300w\" sizes=\"(max-width: 640px) 100vw, 600px\" \/><\/span><\/div><div class=\"fusion-title title fusion-title-4 fusion-sep-none fusion-title-center fusion-title-text fusion-title-size-two\" style=\"--awb-text-color:var(--awb-color1);--awb-font-size:24px;\"><h2 class=\"fusion-title-heading title-heading-center fusion-responsive-typography-calculated\" style=\"margin:0;font-size:1em;text-transform:uppercase;--fontSize:24;--minFontSize:24;line-height:1.2;\">Bol Cor\u00e9en Bibimbap<\/h2><\/div><div class=\"fusion-text fusion-text-3\" style=\"--awb-content-alignment:center;\"><p><a href=\"http:\/\/eatcopperbranch.com\/wp-content\/uploads\/2023\/07\/04.-Seoul-Nutritional-and-Ingredient-List_compressed.pdf\" target=\"_blank\" rel=\"noopener\" class=\"underline-link\"><strong>Ingr\u00e9dients et Informations Nutritionnelles<\/strong><\/a><\/p>\n<\/div><\/div><\/div><div class=\"fusion-layout-column fusion_builder_column fusion-builder-column-4 fusion_builder_column_1_2 1_2 fusion-flex-column\" style=\"--awb-padding-top:50PX;--awb-padding-right:50px;--awb-padding-bottom:50PX;--awb-padding-left:50px;--awb-padding-right-small:30px;--awb-padding-left-small:30px;--awb-bg-size:cover;--awb-width-large:50%;--awb-margin-top-large:0px;--awb-spacing-right-large:0px;--awb-margin-bottom-large:50px;--awb-spacing-left-large:0px;--awb-width-medium:50%;--awb-order-medium:0;--awb-spacing-right-medium:0px;--awb-spacing-left-medium:0px;--awb-width-small:100%;--awb-order-small:0;--awb-spacing-right-small:0px;--awb-margin-bottom-small:0px;--awb-spacing-left-small:0px;\"><div class=\"fusion-column-wrapper fusion-column-has-shadow fusion-flex-justify-content-flex-start fusion-content-layout-column\"><div class=\"fusion-image-element \" style=\"text-align:center;--awb-margin-bottom:50px;--awb-max-width:400px;--awb-caption-title-font-family:var(--h2_typography-font-family);--awb-caption-title-font-weight:var(--h2_typography-font-weight);--awb-caption-title-font-style:var(--h2_typography-font-style);--awb-caption-title-size:var(--h2_typography-font-size);--awb-caption-title-transform:var(--h2_typography-text-transform);--awb-caption-title-line-height:var(--h2_typography-line-height);--awb-caption-title-letter-spacing:var(--h2_typography-letter-spacing);\"><span class=\" fusion-imageframe imageframe-none imageframe-4 hover-type-none\"><img decoding=\"async\" width=\"1300\" height=\"1003\" alt=\"Pad Thai chef inspired frozen meal\" title=\"05. PAD THAI (1)\" src=\"http:\/\/eatcopperbranch.com\/wp-content\/uploads\/2023\/07\/05.-PAD-THAI-1.png\" class=\"img-responsive wp-image-3666\" srcset=\"https:\/\/eatcopperbranch.com\/wp-content\/uploads\/2023\/07\/05.-PAD-THAI-1-200x154.png 200w, https:\/\/eatcopperbranch.com\/wp-content\/uploads\/2023\/07\/05.-PAD-THAI-1-400x309.png 400w, https:\/\/eatcopperbranch.com\/wp-content\/uploads\/2023\/07\/05.-PAD-THAI-1-600x463.png 600w, https:\/\/eatcopperbranch.com\/wp-content\/uploads\/2023\/07\/05.-PAD-THAI-1-800x617.png 800w, https:\/\/eatcopperbranch.com\/wp-content\/uploads\/2023\/07\/05.-PAD-THAI-1-1200x926.png 1200w, https:\/\/eatcopperbranch.com\/wp-content\/uploads\/2023\/07\/05.-PAD-THAI-1.png 1300w\" sizes=\"(max-width: 640px) 100vw, 600px\" \/><\/span><\/div><div class=\"fusion-title title fusion-title-5 fusion-sep-none fusion-title-center fusion-title-text fusion-title-size-two\" style=\"--awb-text-color:var(--awb-color1);--awb-font-size:24px;\"><h2 class=\"fusion-title-heading title-heading-center fusion-responsive-typography-calculated\" style=\"margin:0;font-size:1em;text-transform:uppercase;--fontSize:24;--minFontSize:24;line-height:1.2;\">Pad Thai<\/h2><\/div><div class=\"fusion-text fusion-text-4\" style=\"--awb-content-alignment:center;\"><p><a href=\"http:\/\/eatcopperbranch.com\/wp-content\/uploads\/2023\/07\/05.-Pad-Thai-Nutritional-and-Ingredient-List_compressed.pdf\" target=\"_blank\" rel=\"noopener\" class=\"underline-link\"><strong>Ingr\u00e9dients et Informations Nutritionnelles<\/strong><\/a><\/p>\n<\/div><\/div><\/div><\/div><\/div><div class=\"fusion-fullwidth fullwidth-box fusion-builder-row-2 fusion-flex-container gradient-container-2 hundred-percent-fullwidth non-hundred-percent-height-scrolling\" style=\"--awb-border-radius-top-left:0px;--awb-border-radius-top-right:0px;--awb-border-radius-bottom-right:0px;--awb-border-radius-bottom-left:0px;--awb-padding-top:0px;--awb-padding-right:0px;--awb-padding-bottom:0px;--awb-padding-left:0px;--awb-padding-left-small:0px;--awb-background-color:#d8b89f;--awb-flex-wrap:wrap;\" ><div class=\"fusion-builder-row fusion-row fusion-flex-align-items-flex-start fusion-flex-justify-content-center fusion-flex-content-wrap\" style=\"width:calc( 100% + 0px ) !important;max-width:calc( 100% + 0px ) !important;margin-left: calc(-0px \/ 2 );margin-right: calc(-0px \/ 2 );\"><div class=\"fusion-layout-column fusion_builder_column fusion-builder-column-5 fusion_builder_column_1_1 1_1 fusion-flex-column\" style=\"--awb-padding-top:35px;--awb-padding-right:50px;--awb-padding-bottom:25px;--awb-padding-left:50px;--awb-padding-right-small:30px;--awb-padding-left-small:30px;--awb-bg-color:var(--awb-color5);--awb-bg-color-hover:var(--awb-color5);--awb-bg-size:cover;--awb-width-large:100%;--awb-margin-top-large:0px;--awb-spacing-right-large:0px;--awb-margin-bottom-large:0px;--awb-spacing-left-large:0px;--awb-width-medium:100%;--awb-order-medium:0;--awb-spacing-right-medium:0px;--awb-spacing-left-medium:0px;--awb-width-small:100%;--awb-order-small:0;--awb-spacing-right-small:0px;--awb-spacing-left-small:0px;\"><div class=\"fusion-column-wrapper fusion-column-has-shadow fusion-flex-justify-content-flex-start fusion-content-layout-column\"><div class=\"fusion-title title fusion-title-6 fusion-sep-none fusion-title-center fusion-title-text fusion-title-size-three\" style=\"--awb-text-color:var(--awb-color1);--awb-margin-bottom-small:40px;--awb-font-size:24px;\"><h3 class=\"fusion-title-heading title-heading-center fusion-responsive-typography-calculated\" style=\"margin:0;font-size:1em;text-transform:uppercase;--fontSize:24;--minFontSize:24;line-height:1.2;\">Disponible chez<\/h3><\/div><div class=\"fusion-builder-row fusion-builder-row-inner fusion-row fusion-flex-align-items-flex-start fusion-flex-justify-content-center fusion-flex-content-wrap\" style=\"width:calc( 100% + 0px ) !important;max-width:calc( 100% + 0px ) !important;margin-left: calc(-0px \/ 2 );margin-right: calc(-0px \/ 2 );\"><div class=\"fusion-layout-column fusion_builder_column_inner fusion-builder-nested-column-0 fusion_builder_column_inner_1_2 1_2 fusion-flex-column\" style=\"--awb-bg-size:cover;--awb-width-large:50%;--awb-margin-top-large:0px;--awb-spacing-right-large:0px;--awb-margin-bottom-large:0px;--awb-spacing-left-large:0px;--awb-width-medium:100%;--awb-order-medium:0;--awb-spacing-right-medium:0px;--awb-spacing-left-medium:0px;--awb-width-small:100%;--awb-order-small:0;--awb-spacing-right-small:0px;--awb-spacing-left-small:0px;\"><div class=\"fusion-column-wrapper fusion-column-has-shadow fusion-flex-justify-content-center fusion-content-layout-row fusion-flex-align-items-center\"><div class=\"fusion-image-element \" style=\"--awb-margin-right:25px;--awb-margin-bottom:25px;--awb-max-width:150px;--awb-caption-title-font-family:var(--h2_typography-font-family);--awb-caption-title-font-weight:var(--h2_typography-font-weight);--awb-caption-title-font-style:var(--h2_typography-font-style);--awb-caption-title-size:var(--h2_typography-font-size);--awb-caption-title-transform:var(--h2_typography-text-transform);--awb-caption-title-line-height:var(--h2_typography-line-height);--awb-caption-title-letter-spacing:var(--h2_typography-letter-spacing);\"><span class=\" fusion-imageframe imageframe-none imageframe-5 hover-type-none\"><img decoding=\"async\" width=\"1765\" height=\"324\" alt=\"Safeway logo\" title=\"06. 2560px-Safeway_Logo\" src=\"http:\/\/eatcopperbranch.com\/wp-content\/uploads\/2023\/07\/06.-2560px-Safeway_Logo.png\" class=\"img-responsive wp-image-3670\" srcset=\"https:\/\/eatcopperbranch.com\/wp-content\/uploads\/2023\/07\/06.-2560px-Safeway_Logo-200x37.png 200w, https:\/\/eatcopperbranch.com\/wp-content\/uploads\/2023\/07\/06.-2560px-Safeway_Logo-400x73.png 400w, https:\/\/eatcopperbranch.com\/wp-content\/uploads\/2023\/07\/06.-2560px-Safeway_Logo-600x110.png 600w, https:\/\/eatcopperbranch.com\/wp-content\/uploads\/2023\/07\/06.-2560px-Safeway_Logo-800x147.png 800w, https:\/\/eatcopperbranch.com\/wp-content\/uploads\/2023\/07\/06.-2560px-Safeway_Logo-1200x220.png 1200w, https:\/\/eatcopperbranch.com\/wp-content\/uploads\/2023\/07\/06.-2560px-Safeway_Logo.png 1765w\" sizes=\"(max-width: 640px) 100vw, 800px\" \/><\/span><\/div><div class=\"fusion-image-element \" style=\"--awb-margin-right:25px;--awb-margin-bottom:25px;--awb-max-width:125px;--awb-caption-title-font-family:var(--h2_typography-font-family);--awb-caption-title-font-weight:var(--h2_typography-font-weight);--awb-caption-title-font-style:var(--h2_typography-font-style);--awb-caption-title-size:var(--h2_typography-font-size);--awb-caption-title-transform:var(--h2_typography-text-transform);--awb-caption-title-line-height:var(--h2_typography-line-height);--awb-caption-title-letter-spacing:var(--h2_typography-letter-spacing);\"><span class=\" fusion-imageframe imageframe-none imageframe-6 hover-type-none\"><img decoding=\"async\" width=\"1296\" height=\"324\" alt=\"Sobeys logo\" title=\"06. 2560px-Sobeys_logo\" src=\"http:\/\/eatcopperbranch.com\/wp-content\/uploads\/2023\/07\/06.-2560px-Sobeys_logo.png\" class=\"img-responsive wp-image-3672\" srcset=\"https:\/\/eatcopperbranch.com\/wp-content\/uploads\/2023\/07\/06.-2560px-Sobeys_logo-200x50.png 200w, https:\/\/eatcopperbranch.com\/wp-content\/uploads\/2023\/07\/06.-2560px-Sobeys_logo-400x100.png 400w, https:\/\/eatcopperbranch.com\/wp-content\/uploads\/2023\/07\/06.-2560px-Sobeys_logo-600x150.png 600w, https:\/\/eatcopperbranch.com\/wp-content\/uploads\/2023\/07\/06.-2560px-Sobeys_logo-800x200.png 800w, https:\/\/eatcopperbranch.com\/wp-content\/uploads\/2023\/07\/06.-2560px-Sobeys_logo-1200x300.png 1200w, https:\/\/eatcopperbranch.com\/wp-content\/uploads\/2023\/07\/06.-2560px-Sobeys_logo.png 1296w\" sizes=\"(max-width: 640px) 100vw, 800px\" \/><\/span><\/div><div class=\"fusion-image-element \" style=\"--awb-margin-right:25px;--awb-margin-bottom:25px;--awb-max-width:60px;--awb-caption-title-font-family:var(--h2_typography-font-family);--awb-caption-title-font-weight:var(--h2_typography-font-weight);--awb-caption-title-font-style:var(--h2_typography-font-style);--awb-caption-title-size:var(--h2_typography-font-size);--awb-caption-title-transform:var(--h2_typography-text-transform);--awb-caption-title-line-height:var(--h2_typography-line-height);--awb-caption-title-letter-spacing:var(--h2_typography-letter-spacing);\"><span class=\" fusion-imageframe imageframe-none imageframe-7 hover-type-none\"><img decoding=\"async\" width=\"500\" height=\"324\" alt=\"IGA logo\" title=\"06. 1200px-IGA_logo\" src=\"http:\/\/eatcopperbranch.com\/wp-content\/uploads\/2023\/07\/06.-1200px-IGA_logo.png\" class=\"img-responsive wp-image-3668\" srcset=\"https:\/\/eatcopperbranch.com\/wp-content\/uploads\/2023\/07\/06.-1200px-IGA_logo-200x130.png 200w, https:\/\/eatcopperbranch.com\/wp-content\/uploads\/2023\/07\/06.-1200px-IGA_logo-400x259.png 400w, https:\/\/eatcopperbranch.com\/wp-content\/uploads\/2023\/07\/06.-1200px-IGA_logo.png 500w\" sizes=\"(max-width: 640px) 100vw, 500px\" \/><\/span><\/div><\/div><\/div><\/div><\/div><\/div><div class=\"fusion-layout-column fusion_builder_column fusion-builder-column-6 fusion_builder_column_1_1 1_1 fusion-flex-column\" style=\"--awb-padding-top:25px;--awb-padding-right:25px;--awb-padding-bottom:25px;--awb-padding-left:25px;--awb-bg-color:#d8b89f;--awb-bg-color-hover:#d8b89f;--awb-bg-size:cover;--awb-width-large:100%;--awb-margin-top-large:0px;--awb-spacing-right-large:0px;--awb-margin-bottom-large:0px;--awb-spacing-left-large:0px;--awb-width-medium:100%;--awb-order-medium:0;--awb-spacing-right-medium:0px;--awb-spacing-left-medium:0px;--awb-width-small:100%;--awb-order-small:0;--awb-spacing-right-small:0px;--awb-spacing-left-small:0px;\"><div class=\"fusion-column-wrapper fusion-column-has-shadow fusion-flex-justify-content-flex-start fusion-content-layout-column\"><div class=\"fusion-image-element fusion-no-small-visibility fusion-no-medium-visibility\" style=\"text-align:right;--awb-margin-top:-240px;--awb-max-width:250px;--awb-caption-title-font-family:var(--h2_typography-font-family);--awb-caption-title-font-weight:var(--h2_typography-font-weight);--awb-caption-title-font-style:var(--h2_typography-font-style);--awb-caption-title-size:var(--h2_typography-font-size);--awb-caption-title-transform:var(--h2_typography-text-transform);--awb-caption-title-line-height:var(--h2_typography-line-height);--awb-caption-title-letter-spacing:var(--h2_typography-letter-spacing);\"><span class=\" fusion-imageframe imageframe-none imageframe-8 hover-type-none\"><img decoding=\"async\" width=\"360\" height=\"360\" alt=\"Logo Copper Branch\" title=\"Logo Copper Branch\" src=\"http:\/\/eatcopperbranch.com\/wp-content\/uploads\/2021\/10\/CopperBranch-logo-FR.png\" class=\"img-responsive wp-image-1085\"\/><\/span><\/div><\/div><\/div><\/div><\/div><\/p>\n","protected":false},"excerpt":{"rendered":"","protected":false},"author":4,"featured_media":0,"parent":0,"menu_order":0,"comment_status":"closed","ping_status":"closed","template":"100-width.php","meta":{"_acf_changed":false,"footnotes":""},"class_list":["post-3707","page","type-page","status-publish","hentry"],"acf":[],"_links":{"self":[{"href":"https:\/\/eatcopperbranch.com\/fr\/wp-json\/wp\/v2\/pages\/3707"}],"collection":[{"href":"https:\/\/eatcopperbranch.com\/fr\/wp-json\/wp\/v2\/pages"}],"about":[{"href":"https:\/\/eatcopperbranch.com\/fr\/wp-json\/wp\/v2\/types\/page"}],"author":[{"embeddable":true,"href":"https:\/\/eatcopperbranch.com\/fr\/wp-json\/wp\/v2\/users\/4"}],"replies":[{"embeddable":true,"href":"https:\/\/eatcopperbranch.com\/fr\/wp-json\/wp\/v2\/comments?post=3707"}],"version-history":[{"count":6,"href":"https:\/\/eatcopperbranch.com\/fr\/wp-json\/wp\/v2\/pages\/3707\/revisions"}],"predecessor-version":[{"id":3718,"href":"https:\/\/eatcopperbranch.com\/fr\/wp-json\/wp\/v2\/pages\/3707\/revisions\/3718"}],"wp:attachment":[{"href":"https:\/\/eatcopperbranch.com\/fr\/wp-json\/wp\/v2\/media?parent=3707"}],"curies":[{"name":"wp","href":"https:\/\/api.w.org\/{rel}","templated":true}]}}